{"id":61,"date":"2021-02-07T00:43:37","date_gmt":"2021-02-07T00:43:37","guid":{"rendered":"https:\/\/yourbusinessguardian.com\/?page_id=61"},"modified":"2023-12-21T12:10:46","modified_gmt":"2023-12-21T12:10:46","slug":"legal-review-2","status":"publish","type":"page","link":"https:\/\/yourbusinessguardian.com\/es\/legal-review-2\/","title":{"rendered":"Revisi\u00f3n Legal"},"content":{"rendered":"<div data-elementor-type=\"wp-page\" data-elementor-id=\"61\" class=\"elementor elementor-61\">\n\t\t\t\t\t\t<section class=\"elementor-section elementor-top-section elementor-element elementor-element-6533a18 elementor-section-full_width elementor-section-height-min-height elementor-section-content-middle elementor-section-height-default elementor-section-items-middle\" data-id=\"6533a18\" data-element_type=\"section\" data-e-type=\"section\" data-settings=\"{&quot;background_background&quot;:&quot;classic&quot;}\">\n\t\t\t\t\t\t\t<div class=\"elementor-background-overlay\"><\/div>\n\t\t\t\t\t\t\t<div class=\"elementor-container elementor-column-gap-default\">\n\t\t\t\t\t<div class=\"elementor-column elementor-col-100 elementor-top-column elementor-element elementor-element-14c2585b\" data-id=\"14c2585b\" data-element_type=\"column\" data-e-type=\"column\">\n\t\t\t<div class=\"elementor-widget-wrap elementor-element-populated\">\n\t\t\t\t\t\t<section class=\"elementor-section elementor-inner-section elementor-element elementor-element-414b5824 elementor-section-boxed elementor-section-height-default elementor-section-height-default\" data-id=\"414b5824\" data-element_type=\"section\" data-e-type=\"section\">\n\t\t\t\t\t\t<div class=\"elementor-container elementor-column-gap-default\">\n\t\t\t\t\t<div class=\"elementor-column elementor-col-50 elementor-inner-column elementor-element elementor-element-5e8e84d9\" data-id=\"5e8e84d9\" data-element_type=\"column\" data-e-type=\"column\">\n\t\t\t<div class=\"elementor-widget-wrap elementor-element-populated\">\n\t\t\t\t\t\t<div class=\"elementor-element elementor-element-3d8955d8 elementor-widget elementor-widget-heading\" data-id=\"3d8955d8\" data-element_type=\"widget\" data-e-type=\"widget\" data-widget_type=\"heading.default\">\n\t\t\t\t<div class=\"elementor-widget-container\">\n\t\t\t\t\t<h2 class=\"elementor-heading-title elementor-size-default\">Revisi\u00f3n Legal<\/h2>\t\t\t\t<\/div>\n\t\t\t\t<\/div>\n\t\t\t\t<div class=\"elementor-element elementor-element-160f9e08 elementor-widget elementor-widget-heading\" data-id=\"160f9e08\" data-element_type=\"widget\" data-e-type=\"widget\" data-widget_type=\"heading.default\">\n\t\t\t\t<div class=\"elementor-widget-container\">\n\t\t\t\t\t<h3 class=\"elementor-heading-title elementor-size-default\">Descubre la mejor entidad que le brindar\u00e1 el m\u00e1ximo beneficio para proteger su sustento.\n<\/h3>\t\t\t\t<\/div>\n\t\t\t\t<\/div>\n\t\t\t\t\t<\/div>\n\t\t<\/div>\n\t\t\t\t<div class=\"elementor-column elementor-col-50 elementor-inner-column elementor-element elementor-element-502e136c elementor-hidden-phone\" data-id=\"502e136c\" data-element_type=\"column\" data-e-type=\"column\">\n\t\t\t<div class=\"elementor-widget-wrap elementor-element-populated\">\n\t\t\t\t\t\t<div class=\"elementor-element elementor-element-59a9dea8 elementor-widget elementor-widget-image\" data-id=\"59a9dea8\" data-element_type=\"widget\" data-e-type=\"widget\" data-widget_type=\"image.default\">\n\t\t\t\t<div class=\"elementor-widget-container\">\n\t\t\t\t\t\t\t\t\t\t\t\t\t\t\t<img fetchpriority=\"high\" decoding=\"async\" width=\"322\" height=\"322\" src=\"https:\/\/yourbusinessguardian.com\/wp-content\/uploads\/2021\/02\/logo.svg\" class=\"attachment-large size-large wp-image-10\" alt=\"\" \/>\t\t\t\t\t\t\t\t\t\t\t\t\t\t\t<\/div>\n\t\t\t\t<\/div>\n\t\t\t\t\t<\/div>\n\t\t<\/div>\n\t\t\t\t\t<\/div>\n\t\t<\/section>\n\t\t\t\t\t<\/div>\n\t\t<\/div>\n\t\t\t\t\t<\/div>\n\t\t<\/section>\n\t\t\t\t<section class=\"elementor-section elementor-top-section elementor-element elementor-element-1480b494 elementor-section-boxed elementor-section-height-default elementor-section-height-default\" data-id=\"1480b494\" data-element_type=\"section\" data-e-type=\"section\">\n\t\t\t\t\t\t<div class=\"elementor-container elementor-column-gap-default\">\n\t\t\t\t\t<div class=\"elementor-column elementor-col-100 elementor-top-column elementor-element elementor-element-50d97e3f\" data-id=\"50d97e3f\" data-element_type=\"column\" data-e-type=\"column\">\n\t\t\t<div class=\"elementor-widget-wrap elementor-element-populated\">\n\t\t\t\t\t\t<section class=\"elementor-section elementor-inner-section elementor-element elementor-element-b5ed923 elementor-section-boxed elementor-section-height-default elementor-section-height-default\" data-id=\"b5ed923\" data-element_type=\"section\" data-e-type=\"section\">\n\t\t\t\t\t\t<div class=\"elementor-container elementor-column-gap-default\">\n\t\t\t\t\t<div class=\"elementor-column elementor-col-50 elementor-inner-column elementor-element elementor-element-cf805f7\" data-id=\"cf805f7\" data-element_type=\"column\" data-e-type=\"column\">\n\t\t\t<div class=\"elementor-widget-wrap elementor-element-populated\">\n\t\t\t\t\t\t<div class=\"elementor-element elementor-element-55609b6 elementor-widget elementor-widget-image\" data-id=\"55609b6\" data-element_type=\"widget\" data-e-type=\"widget\" data-widget_type=\"image.default\">\n\t\t\t\t<div class=\"elementor-widget-container\">\n\t\t\t\t\t\t\t\t\t\t\t\t\t\t\t<img decoding=\"async\" width=\"800\" height=\"534\" src=\"https:\/\/yourbusinessguardian.com\/wp-content\/uploads\/2021\/03\/liabilityinsurance-1024x683.jpg\" class=\"attachment-large size-large wp-image-3492\" alt=\"\" srcset=\"https:\/\/yourbusinessguardian.com\/wp-content\/uploads\/2021\/03\/liabilityinsurance-1024x683.jpg 1024w, https:\/\/yourbusinessguardian.com\/wp-content\/uploads\/2021\/03\/liabilityinsurance-300x200.jpg 300w, https:\/\/yourbusinessguardian.com\/wp-content\/uploads\/2021\/03\/liabilityinsurance-768x512.jpg 768w, https:\/\/yourbusinessguardian.com\/wp-content\/uploads\/2021\/03\/liabilityinsurance-1536x1024.jpg 1536w, https:\/\/yourbusinessguardian.com\/wp-content\/uploads\/2021\/03\/liabilityinsurance-1080x720.jpg 1080w, https:\/\/yourbusinessguardian.com\/wp-content\/uploads\/2021\/03\/liabilityinsurance-1280x853.jpg 1280w, https:\/\/yourbusinessguardian.com\/wp-content\/uploads\/2021\/03\/liabilityinsurance-980x653.jpg 980w, https:\/\/yourbusinessguardian.com\/wp-content\/uploads\/2021\/03\/liabilityinsurance-480x320.jpg 480w, https:\/\/yourbusinessguardian.com\/wp-content\/uploads\/2021\/03\/liabilityinsurance.jpg 1920w\" sizes=\"(max-width: 800px) 100vw, 800px\" \/>\t\t\t\t\t\t\t\t\t\t\t\t\t\t\t<\/div>\n\t\t\t\t<\/div>\n\t\t\t\t\t<\/div>\n\t\t<\/div>\n\t\t\t\t<div class=\"elementor-column elementor-col-50 elementor-inner-column elementor-element elementor-element-44411e21\" data-id=\"44411e21\" data-element_type=\"column\" data-e-type=\"column\">\n\t\t\t<div class=\"elementor-widget-wrap elementor-element-populated\">\n\t\t\t\t\t\t<div class=\"elementor-element elementor-element-f8e9a02 elementor-widget elementor-widget-text-editor\" data-id=\"f8e9a02\" data-element_type=\"widget\" data-e-type=\"widget\" data-widget_type=\"text-editor.default\">\n\t\t\t\t<div class=\"elementor-widget-container\">\n\t\t\t\t\t\t\t\t\tNuestro servicio de <span class=\"accent-color\">Revisi\u00f3n Legal<\/span> .\t\t\t\t\t\t\t\t<\/div>\n\t\t\t\t<\/div>\n\t\t\t\t<div class=\"elementor-element elementor-element-2a3b4bc3 elementor-widget elementor-widget-text-editor\" data-id=\"2a3b4bc3\" data-element_type=\"widget\" data-e-type=\"widget\" data-widget_type=\"text-editor.default\">\n\t\t\t\t<div class=\"elementor-widget-container\">\n\t\t\t\t\t\t\t\t\t<p><span class=\"accent-color\">Evaluar<\/span> si su negocio tiene la estructura corporativa m\u00e1s adecuada.<\/p>\n<p><span class=\"accent-color\">Determinar<\/span> si su negocio tiene posibles problemas de licencias.<\/p>\n<p><span class=\"accent-color\">Revisar<\/span>&nbsp;su documentaci\u00f3n de Recursos Humanos para asegurarse de que su empresa est\u00e9 protegida contra posibles multas y sanciones.<\/p>\n<p><span class=\"accent-color\">Desarrollar<\/span> un plan para implementar cualquier recomendaci\u00f3n basada en \"La Revisi\u00f3n Legal de YBG\".<\/p>\n<p><span class=\"accent-color\">Proveer<\/span> una selecci\u00f3n de los mejores asesores legales para asistir en la redacci\u00f3n de cualquier documentaci\u00f3n y realizar los tr\u00e1mites necesarios para asegurar que el negocio cumpla con todas las leyes y regulaciones.<\/p>\t\t\t\t\t\t\t\t<\/div>\n\t\t\t\t<\/div>\n\t\t\t\t\t<\/div>\n\t\t<\/div>\n\t\t\t\t\t<\/div>\n\t\t<\/section>\n\t\t\t\t\t<\/div>\n\t\t<\/div>\n\t\t\t\t\t<\/div>\n\t\t<\/section>\n\t\t\t\t<section class=\"elementor-section elementor-top-section elementor-element elementor-element-84d63cc elementor-section-boxed elementor-section-height-default elementor-section-height-default\" data-id=\"84d63cc\" data-element_type=\"section\" data-e-type=\"section\">\n\t\t\t\t\t\t<div class=\"elementor-container elementor-column-gap-wide\">\n\t\t\t\t\t<div class=\"elementor-column elementor-col-50 elementor-top-column elementor-element elementor-element-57d6a889\" data-id=\"57d6a889\" data-element_type=\"column\" data-e-type=\"column\">\n\t\t\t<div class=\"elementor-widget-wrap elementor-element-populated\">\n\t\t\t\t\t\t<div class=\"elementor-element elementor-element-5839bb2e elementor-widget elementor-widget-heading\" data-id=\"5839bb2e\" data-element_type=\"widget\" data-e-type=\"widget\" data-widget_type=\"heading.default\">\n\t\t\t\t<div class=\"elementor-widget-container\">\n\t\t\t\t\t<h4 class=\"elementor-heading-title elementor-size-default\">nuestro servicio<\/h4>\t\t\t\t<\/div>\n\t\t\t\t<\/div>\n\t\t\t\t<div class=\"elementor-element elementor-element-ff383c4 elementor-widget elementor-widget-text-editor\" data-id=\"ff383c4\" data-element_type=\"widget\" data-e-type=\"widget\" data-widget_type=\"text-editor.default\">\n\t\t\t\t<div class=\"elementor-widget-container\">\n\t\t\t\t\t\t\t\t\t<p>\u00bfPuede Usted <span style=\"color: #ee9b08;\">beneficiarse<\/span>\u00a0from Legal Review?<\/p>\t\t\t\t\t\t\t\t<\/div>\n\t\t\t\t<\/div>\n\t\t\t\t<div class=\"elementor-element elementor-element-506d34d2 elementor-widget elementor-widget-text-editor\" data-id=\"506d34d2\" data-element_type=\"widget\" data-e-type=\"widget\" data-widget_type=\"text-editor.default\">\n\t\t\t\t<div class=\"elementor-widget-container\">\n\t\t\t\t\t\t\t\t\t<ul>\n \t<li><strong>Usted podr\u00eda beneficiarse de una nueva perspectiva legal.<\/strong>\u00a0Nuestro asesor externo revisar\u00e1 los documentos de su empresa para diversos fines, incluyendo la elecci\u00f3n de la entidad y la protecci\u00f3n contra responsabilidades.<\/li><br>\n \t<li><strong>Usted no puede demandarse a s\u00ed mismo.<\/strong> Todo se reduce a la mitigaci\u00f3n de riesgos. Si usted revisa sus propios contratos y acuerdos y comete un error, no tiene ning\u00fan recurso. Si su abogado comete el error, usted puede demandarlo. Esta es la raz\u00f3n principal para obtener asesoramiento de un asesor legal calificado y experimentado.<\/li><br>\n \t<li><strong>Puede nivelar el campo de juego.<\/strong>\u00a0Cuando una parte se acerca a su negocio con un contrato, es muy probable que ese contrato haya sido redactado por un abogado que solo ten\u00eda en mente los intereses de su cliente. Hay varios elementos en los acuerdos legales que podr\u00edan tener graves consecuencias para su empresa a largo plazo. Una revisi\u00f3n independiente es esencial para garantizar que cualquier acuerdo proteja a ambas partes por igual<\/li>\n<\/ul>\t\t\t\t\t\t\t\t<\/div>\n\t\t\t\t<\/div>\n\t\t\t\t\t<\/div>\n\t\t<\/div>\n\t\t\t\t<div class=\"elementor-column elementor-col-50 elementor-top-column elementor-element elementor-element-9c715d1\" data-id=\"9c715d1\" data-element_type=\"column\" data-e-type=\"column\">\n\t\t\t<div class=\"elementor-widget-wrap elementor-element-populated\">\n\t\t\t\t\t\t<div class=\"elementor-element elementor-element-4a632551 elementor-widget elementor-widget-image\" data-id=\"4a632551\" data-element_type=\"widget\" data-e-type=\"widget\" data-widget_type=\"image.default\">\n\t\t\t\t<div class=\"elementor-widget-container\">\n\t\t\t\t\t\t\t\t\t\t\t\t\t\t\t<img decoding=\"async\" width=\"540\" height=\"461\" src=\"https:\/\/yourbusinessguardian.com\/wp-content\/uploads\/2021\/02\/growth.jpg\" class=\"attachment-large size-large wp-image-13\" alt=\"\" srcset=\"https:\/\/yourbusinessguardian.com\/wp-content\/uploads\/2021\/02\/growth.jpg 540w, https:\/\/yourbusinessguardian.com\/wp-content\/uploads\/2021\/02\/growth-300x256.jpg 300w, https:\/\/yourbusinessguardian.com\/wp-content\/uploads\/2021\/02\/growth-480x410.jpg 480w\" sizes=\"(max-width: 540px) 100vw, 540px\" \/>\t\t\t\t\t\t\t\t\t\t\t\t\t\t\t<\/div>\n\t\t\t\t<\/div>\n\t\t\t\t\t<\/div>\n\t\t<\/div>\n\t\t\t\t\t<\/div>\n\t\t<\/section>\n\t\t\t\t<section class=\"elementor-section elementor-top-section elementor-element elementor-element-336a08bc elementor-section-height-min-height elementor-section-items-top elementor-section-content-middle elementor-section-boxed elementor-section-height-default\" data-id=\"336a08bc\" data-element_type=\"section\" data-e-type=\"section\" data-settings=\"{&quot;background_background&quot;:&quot;classic&quot;}\">\n\t\t\t\t\t\t<div class=\"elementor-container elementor-column-gap-default\">\n\t\t\t\t\t<div class=\"elementor-column elementor-col-100 elementor-top-column elementor-element elementor-element-39bc08c1\" data-id=\"39bc08c1\" data-element_type=\"column\" data-e-type=\"column\">\n\t\t\t<div class=\"elementor-widget-wrap elementor-element-populated\">\n\t\t\t\t\t\t<div class=\"elementor-element elementor-element-702c23c6 elementor-widget elementor-widget-heading\" data-id=\"702c23c6\" data-element_type=\"widget\" data-e-type=\"widget\" data-widget_type=\"heading.default\">\n\t\t\t\t<div class=\"elementor-widget-container\">\n\t\t\t\t\t<h4 class=\"elementor-heading-title elementor-size-default\">Agende su consulta gratuita<\/h4>\t\t\t\t<\/div>\n\t\t\t\t<\/div>\n\t\t\t\t<div class=\"elementor-element elementor-element-3b5af3e3 elementor-widget elementor-widget-heading\" data-id=\"3b5af3e3\" data-element_type=\"widget\" data-e-type=\"widget\" data-widget_type=\"heading.default\">\n\t\t\t\t<div class=\"elementor-widget-container\">\n\t\t\t\t\t<h2 class=\"elementor-heading-title elementor-size-default\">\u00bfComo le podemos ayudar?<\/h2>\t\t\t\t<\/div>\n\t\t\t\t<\/div>\n\t\t\t\t<div class=\"elementor-element elementor-element-69ecccf7 elementor-widget elementor-widget-text-editor\" data-id=\"69ecccf7\" data-element_type=\"widget\" data-e-type=\"widget\" data-widget_type=\"text-editor.default\">\n\t\t\t\t<div class=\"elementor-widget-container\">\n\t\t\t\t\t\t\t\t\t<p>Your Business Guardian arma programas a medida para ayudarlo a Usted y su compa\u00f1\u00eda a alcanzar las metas financieras tanto personales como de su negocio.<\/p>\t\t\t\t\t\t\t\t<\/div>\n\t\t\t\t<\/div>\n\t\t\t\t<div class=\"elementor-element elementor-element-68bde15f elementor-align-center elementor-widget elementor-widget-button\" data-id=\"68bde15f\" data-element_type=\"widget\" data-e-type=\"widget\" data-widget_type=\"button.default\">\n\t\t\t\t<div class=\"elementor-widget-container\">\n\t\t\t\t\t\t\t\t\t<div class=\"elementor-button-wrapper\">\n\t\t\t\t\t<a class=\"elementor-button elementor-button-link elementor-size-sm\" href=\"https:\/\/yourbusinessguardian.as.me\/schedule.php\">\n\t\t\t\t\t\t<span class=\"elementor-button-content-wrapper\">\n\t\t\t\t\t\t\t\t\t<span class=\"elementor-button-text\">Agende Ahora<\/span>\n\t\t\t\t\t<\/span>\n\t\t\t\t\t<\/a>\n\t\t\t\t<\/div>\n\t\t\t\t\t\t\t\t<\/div>\n\t\t\t\t<\/div>\n\t\t\t\t\t<\/div>\n\t\t<\/div>\n\t\t\t\t\t<\/div>\n\t\t<\/section>\n\t\t\t\t<\/div>","protected":false},"excerpt":{"rendered":"<p>Legal Review Discover the best choice of entity that will provide the maximum benefit to protect your livelihood. Our Legal Review Service Assess whether your business has the most appropriate corporate structure. Determine if your business has potential licensing Issues. Review&nbsp;your Human Resources documentation to ensure your company is protected from potential fines and penalties. [&hellip;]<\/p>\n","protected":false},"author":4,"featured_media":0,"parent":0,"menu_order":0,"comment_status":"closed","ping_status":"closed","template":"","meta":{"footnotes":""},"class_list":["post-61","page","type-page","status-publish","hentry"],"yoast_head":"<!-- This site is optimized with the Yoast SEO plugin v27.4 - https:\/\/yoast.com\/product\/yoast-seo-wordpress\/ -->\n<title>Legal Review - Your Business Guardian<\/title>\n<meta name=\"robots\" content=\"index, follow, max-snippet:-1, max-image-preview:large, max-video-preview:-1\" \/>\n<link rel=\"canonical\" href=\"https:\/\/yourbusinessguardian.com\/es\/legal-review-2\/\" \/>\n<meta property=\"og:locale\" content=\"es_ES\" \/>\n<meta property=\"og:type\" content=\"article\" \/>\n<meta property=\"og:title\" content=\"Legal Review - Your Business Guardian\" \/>\n<meta property=\"og:description\" content=\"Legal Review Discover the best choice of entity that will provide the maximum benefit to protect your livelihood. Our Legal Review Service Assess whether your business has the most appropriate corporate structure. Determine if your business has potential licensing Issues. Review&nbsp;your Human Resources documentation to ensure your company is protected from potential fines and penalties. [&hellip;]\" \/>\n<meta property=\"og:url\" content=\"https:\/\/yourbusinessguardian.com\/es\/legal-review-2\/\" \/>\n<meta property=\"og:site_name\" content=\"Your Business Guardian\" \/>\n<meta property=\"article:publisher\" content=\"https:\/\/www.facebook.com\/yourbusinessguardian\" \/>\n<meta property=\"article:modified_time\" content=\"2023-12-21T12:10:46+00:00\" \/>\n<meta property=\"og:image\" content=\"https:\/\/yourbusinessguardian.com\/wp-content\/uploads\/2021\/02\/logo.svg\" \/>\n<meta name=\"twitter:card\" content=\"summary_large_image\" \/>\n<meta name=\"twitter:label1\" content=\"Tiempo de lectura\" \/>\n\t<meta name=\"twitter:data1\" content=\"2 minutos\" \/>\n<script type=\"application\/ld+json\" class=\"yoast-schema-graph\">{\"@context\":\"https:\\\/\\\/schema.org\",\"@graph\":[{\"@type\":\"WebPage\",\"@id\":\"https:\\\/\\\/yourbusinessguardian.com\\\/legal-review-2\\\/\",\"url\":\"https:\\\/\\\/yourbusinessguardian.com\\\/legal-review-2\\\/\",\"name\":\"Legal Review - Your Business Guardian\",\"isPartOf\":{\"@id\":\"https:\\\/\\\/yourbusinessguardian.com\\\/#website\"},\"primaryImageOfPage\":{\"@id\":\"https:\\\/\\\/yourbusinessguardian.com\\\/legal-review-2\\\/#primaryimage\"},\"image\":{\"@id\":\"https:\\\/\\\/yourbusinessguardian.com\\\/legal-review-2\\\/#primaryimage\"},\"thumbnailUrl\":\"https:\\\/\\\/yourbusinessguardian.com\\\/wp-content\\\/uploads\\\/2021\\\/02\\\/logo.svg\",\"datePublished\":\"2021-02-07T00:43:37+00:00\",\"dateModified\":\"2023-12-21T12:10:46+00:00\",\"breadcrumb\":{\"@id\":\"https:\\\/\\\/yourbusinessguardian.com\\\/legal-review-2\\\/#breadcrumb\"},\"inLanguage\":\"es-CO\",\"potentialAction\":[{\"@type\":\"ReadAction\",\"target\":[\"https:\\\/\\\/yourbusinessguardian.com\\\/legal-review-2\\\/\"]}]},{\"@type\":\"ImageObject\",\"inLanguage\":\"es-CO\",\"@id\":\"https:\\\/\\\/yourbusinessguardian.com\\\/legal-review-2\\\/#primaryimage\",\"url\":\"https:\\\/\\\/yourbusinessguardian.com\\\/wp-content\\\/uploads\\\/2021\\\/02\\\/logo.svg\",\"contentUrl\":\"https:\\\/\\\/yourbusinessguardian.com\\\/wp-content\\\/uploads\\\/2021\\\/02\\\/logo.svg\"},{\"@type\":\"BreadcrumbList\",\"@id\":\"https:\\\/\\\/yourbusinessguardian.com\\\/legal-review-2\\\/#breadcrumb\",\"itemListElement\":[{\"@type\":\"ListItem\",\"position\":1,\"name\":\"Home\",\"item\":\"https:\\\/\\\/yourbusinessguardian.com\\\/\"},{\"@type\":\"ListItem\",\"position\":2,\"name\":\"Legal Review\"}]},{\"@type\":\"WebSite\",\"@id\":\"https:\\\/\\\/yourbusinessguardian.com\\\/#website\",\"url\":\"https:\\\/\\\/yourbusinessguardian.com\\\/\",\"name\":\"Your Business Guardian\",\"description\":\"Protecting Financial Assets\",\"publisher\":{\"@id\":\"https:\\\/\\\/yourbusinessguardian.com\\\/#organization\"},\"potentialAction\":[{\"@type\":\"SearchAction\",\"target\":{\"@type\":\"EntryPoint\",\"urlTemplate\":\"https:\\\/\\\/yourbusinessguardian.com\\\/?s={search_term_string}\"},\"query-input\":{\"@type\":\"PropertyValueSpecification\",\"valueRequired\":true,\"valueName\":\"search_term_string\"}}],\"inLanguage\":\"es-CO\"},{\"@type\":\"Organization\",\"@id\":\"https:\\\/\\\/yourbusinessguardian.com\\\/#organization\",\"name\":\"Your Business Guardian\",\"url\":\"https:\\\/\\\/yourbusinessguardian.com\\\/\",\"logo\":{\"@type\":\"ImageObject\",\"inLanguage\":\"es-CO\",\"@id\":\"https:\\\/\\\/yourbusinessguardian.com\\\/#\\\/schema\\\/logo\\\/image\\\/\",\"url\":\"https:\\\/\\\/yourbusinessguardian.com\\\/wp-content\\\/uploads\\\/2021\\\/04\\\/Screen-Shot-2021-04-21-at-10.19.37-PM.png\",\"contentUrl\":\"https:\\\/\\\/yourbusinessguardian.com\\\/wp-content\\\/uploads\\\/2021\\\/04\\\/Screen-Shot-2021-04-21-at-10.19.37-PM.png\",\"width\":126,\"height\":102,\"caption\":\"Your Business Guardian\"},\"image\":{\"@id\":\"https:\\\/\\\/yourbusinessguardian.com\\\/#\\\/schema\\\/logo\\\/image\\\/\"},\"sameAs\":[\"https:\\\/\\\/www.facebook.com\\\/yourbusinessguardian\",\"https:\\\/\\\/www.linkedin.com\\\/company\\\/your-business-guardian\\\/\",\"https:\\\/\\\/www.instagram.com\\\/yourbusinessguardian\\\/\"]}]}<\/script>\n<!-- \/ Yoast SEO plugin. -->","yoast_head_json":{"title":"Legal Review - Your Business Guardian","robots":{"index":"index","follow":"follow","max-snippet":"max-snippet:-1","max-image-preview":"max-image-preview:large","max-video-preview":"max-video-preview:-1"},"canonical":"https:\/\/yourbusinessguardian.com\/es\/legal-review-2\/","og_locale":"es_ES","og_type":"article","og_title":"Legal Review - Your Business Guardian","og_description":"Legal Review Discover the best choice of entity that will provide the maximum benefit to protect your livelihood. Our Legal Review Service Assess whether your business has the most appropriate corporate structure. Determine if your business has potential licensing Issues. Review&nbsp;your Human Resources documentation to ensure your company is protected from potential fines and penalties. [&hellip;]","og_url":"https:\/\/yourbusinessguardian.com\/es\/legal-review-2\/","og_site_name":"Your Business Guardian","article_publisher":"https:\/\/www.facebook.com\/yourbusinessguardian","article_modified_time":"2023-12-21T12:10:46+00:00","og_image":[{"url":"https:\/\/yourbusinessguardian.com\/wp-content\/uploads\/2021\/02\/logo.svg","type":"","width":"","height":""}],"twitter_card":"summary_large_image","twitter_misc":{"Tiempo de lectura":"2 minutos"},"schema":{"@context":"https:\/\/schema.org","@graph":[{"@type":"WebPage","@id":"https:\/\/yourbusinessguardian.com\/legal-review-2\/","url":"https:\/\/yourbusinessguardian.com\/legal-review-2\/","name":"Legal Review - Your Business Guardian","isPartOf":{"@id":"https:\/\/yourbusinessguardian.com\/#website"},"primaryImageOfPage":{"@id":"https:\/\/yourbusinessguardian.com\/legal-review-2\/#primaryimage"},"image":{"@id":"https:\/\/yourbusinessguardian.com\/legal-review-2\/#primaryimage"},"thumbnailUrl":"https:\/\/yourbusinessguardian.com\/wp-content\/uploads\/2021\/02\/logo.svg","datePublished":"2021-02-07T00:43:37+00:00","dateModified":"2023-12-21T12:10:46+00:00","breadcrumb":{"@id":"https:\/\/yourbusinessguardian.com\/legal-review-2\/#breadcrumb"},"inLanguage":"es-CO","potentialAction":[{"@type":"ReadAction","target":["https:\/\/yourbusinessguardian.com\/legal-review-2\/"]}]},{"@type":"ImageObject","inLanguage":"es-CO","@id":"https:\/\/yourbusinessguardian.com\/legal-review-2\/#primaryimage","url":"https:\/\/yourbusinessguardian.com\/wp-content\/uploads\/2021\/02\/logo.svg","contentUrl":"https:\/\/yourbusinessguardian.com\/wp-content\/uploads\/2021\/02\/logo.svg"},{"@type":"BreadcrumbList","@id":"https:\/\/yourbusinessguardian.com\/legal-review-2\/#breadcrumb","itemListElement":[{"@type":"ListItem","position":1,"name":"Home","item":"https:\/\/yourbusinessguardian.com\/"},{"@type":"ListItem","position":2,"name":"Legal Review"}]},{"@type":"WebSite","@id":"https:\/\/yourbusinessguardian.com\/#website","url":"https:\/\/yourbusinessguardian.com\/","name":"Your Business Guardian","description":"Protecting Financial Assets","publisher":{"@id":"https:\/\/yourbusinessguardian.com\/#organization"},"potentialAction":[{"@type":"SearchAction","target":{"@type":"EntryPoint","urlTemplate":"https:\/\/yourbusinessguardian.com\/?s={search_term_string}"},"query-input":{"@type":"PropertyValueSpecification","valueRequired":true,"valueName":"search_term_string"}}],"inLanguage":"es-CO"},{"@type":"Organization","@id":"https:\/\/yourbusinessguardian.com\/#organization","name":"Your Business Guardian","url":"https:\/\/yourbusinessguardian.com\/","logo":{"@type":"ImageObject","inLanguage":"es-CO","@id":"https:\/\/yourbusinessguardian.com\/#\/schema\/logo\/image\/","url":"https:\/\/yourbusinessguardian.com\/wp-content\/uploads\/2021\/04\/Screen-Shot-2021-04-21-at-10.19.37-PM.png","contentUrl":"https:\/\/yourbusinessguardian.com\/wp-content\/uploads\/2021\/04\/Screen-Shot-2021-04-21-at-10.19.37-PM.png","width":126,"height":102,"caption":"Your Business Guardian"},"image":{"@id":"https:\/\/yourbusinessguardian.com\/#\/schema\/logo\/image\/"},"sameAs":["https:\/\/www.facebook.com\/yourbusinessguardian","https:\/\/www.linkedin.com\/company\/your-business-guardian\/","https:\/\/www.instagram.com\/yourbusinessguardian\/"]}]}},"_links":{"self":[{"href":"https:\/\/yourbusinessguardian.com\/es\/wp-json\/wp\/v2\/pages\/61","targetHints":{"allow":["GET"]}}],"collection":[{"href":"https:\/\/yourbusinessguardian.com\/es\/wp-json\/wp\/v2\/pages"}],"about":[{"href":"https:\/\/yourbusinessguardian.com\/es\/wp-json\/wp\/v2\/types\/page"}],"author":[{"embeddable":true,"href":"https:\/\/yourbusinessguardian.com\/es\/wp-json\/wp\/v2\/users\/4"}],"replies":[{"embeddable":true,"href":"https:\/\/yourbusinessguardian.com\/es\/wp-json\/wp\/v2\/comments?post=61"}],"version-history":[{"count":3,"href":"https:\/\/yourbusinessguardian.com\/es\/wp-json\/wp\/v2\/pages\/61\/revisions"}],"predecessor-version":[{"id":4008,"href":"https:\/\/yourbusinessguardian.com\/es\/wp-json\/wp\/v2\/pages\/61\/revisions\/4008"}],"wp:attachment":[{"href":"https:\/\/yourbusinessguardian.com\/es\/wp-json\/wp\/v2\/media?parent=61"}],"curies":[{"name":"wp","href":"https:\/\/api.w.org\/{rel}","templated":true}]}}