{"id":66,"date":"2021-02-07T01:12:05","date_gmt":"2021-02-07T01:12:05","guid":{"rendered":"https:\/\/yourbusinessguardian.com\/?page_id=66"},"modified":"2023-12-21T12:25:32","modified_gmt":"2023-12-21T12:25:32","slug":"business-financing","status":"publish","type":"page","link":"https:\/\/yourbusinessguardian.com\/es\/business-financing\/","title":{"rendered":"Financiaci\u00f3n empresarial"},"content":{"rendered":"<div data-elementor-type=\"wp-page\" data-elementor-id=\"66\" class=\"elementor elementor-66\">\n\t\t\t\t\t\t<section class=\"elementor-section elementor-top-section elementor-element elementor-element-6533a18 elementor-section-full_width elementor-section-height-min-height elementor-section-content-middle elementor-section-height-default elementor-section-items-middle\" data-id=\"6533a18\" data-element_type=\"section\" data-e-type=\"section\" data-settings=\"{&quot;background_background&quot;:&quot;classic&quot;}\">\n\t\t\t\t\t\t\t<div class=\"elementor-background-overlay\"><\/div>\n\t\t\t\t\t\t\t<div class=\"elementor-container elementor-column-gap-default\">\n\t\t\t\t\t<div class=\"elementor-column elementor-col-100 elementor-top-column elementor-element elementor-element-14c2585b\" data-id=\"14c2585b\" data-element_type=\"column\" data-e-type=\"column\">\n\t\t\t<div class=\"elementor-widget-wrap elementor-element-populated\">\n\t\t\t\t\t\t<section class=\"elementor-section elementor-inner-section elementor-element elementor-element-414b5824 elementor-section-boxed elementor-section-height-default elementor-section-height-default\" data-id=\"414b5824\" data-element_type=\"section\" data-e-type=\"section\">\n\t\t\t\t\t\t<div class=\"elementor-container elementor-column-gap-default\">\n\t\t\t\t\t<div class=\"elementor-column elementor-col-50 elementor-inner-column elementor-element elementor-element-5e8e84d9\" data-id=\"5e8e84d9\" data-element_type=\"column\" data-e-type=\"column\">\n\t\t\t<div class=\"elementor-widget-wrap elementor-element-populated\">\n\t\t\t\t\t\t<div class=\"elementor-element elementor-element-3d8955d8 elementor-widget elementor-widget-heading\" data-id=\"3d8955d8\" data-element_type=\"widget\" data-e-type=\"widget\" data-widget_type=\"heading.default\">\n\t\t\t\t<div class=\"elementor-widget-container\">\n\t\t\t\t\t<h2 class=\"elementor-heading-title elementor-size-default\">Financiaci\u00f3n empresarial<\/h2>\t\t\t\t<\/div>\n\t\t\t\t<\/div>\n\t\t\t\t<div class=\"elementor-element elementor-element-160f9e08 elementor-widget elementor-widget-heading\" data-id=\"160f9e08\" data-element_type=\"widget\" data-e-type=\"widget\" data-widget_type=\"heading.default\">\n\t\t\t\t<div class=\"elementor-widget-container\">\n\t\t\t\t\t<h3 class=\"elementor-heading-title elementor-size-default\">Aprenda cu\u00e1les son las m\u00e9tricas financieras y de ingresos adecuadas para calificar a las opciones de cr\u00e9dito disponibles para su negocio<\/h3>\t\t\t\t<\/div>\n\t\t\t\t<\/div>\n\t\t\t\t\t<\/div>\n\t\t<\/div>\n\t\t\t\t<div class=\"elementor-column elementor-col-50 elementor-inner-column elementor-element elementor-element-502e136c elementor-hidden-phone\" data-id=\"502e136c\" data-element_type=\"column\" data-e-type=\"column\">\n\t\t\t<div class=\"elementor-widget-wrap elementor-element-populated\">\n\t\t\t\t\t\t<div class=\"elementor-element elementor-element-59a9dea8 elementor-widget elementor-widget-image\" data-id=\"59a9dea8\" data-element_type=\"widget\" data-e-type=\"widget\" data-widget_type=\"image.default\">\n\t\t\t\t<div class=\"elementor-widget-container\">\n\t\t\t\t\t\t\t\t\t\t\t\t\t\t\t<img fetchpriority=\"high\" decoding=\"async\" width=\"322\" height=\"322\" src=\"https:\/\/yourbusinessguardian.com\/wp-content\/uploads\/2021\/02\/logo.svg\" class=\"attachment-large size-large wp-image-10\" alt=\"\" \/>\t\t\t\t\t\t\t\t\t\t\t\t\t\t\t<\/div>\n\t\t\t\t<\/div>\n\t\t\t\t\t<\/div>\n\t\t<\/div>\n\t\t\t\t\t<\/div>\n\t\t<\/section>\n\t\t\t\t\t<\/div>\n\t\t<\/div>\n\t\t\t\t\t<\/div>\n\t\t<\/section>\n\t\t\t\t<section class=\"elementor-section elementor-top-section elementor-element elementor-element-1480b494 elementor-section-boxed elementor-section-height-default elementor-section-height-default\" data-id=\"1480b494\" data-element_type=\"section\" data-e-type=\"section\">\n\t\t\t\t\t\t<div class=\"elementor-container elementor-column-gap-default\">\n\t\t\t\t\t<div class=\"elementor-column elementor-col-100 elementor-top-column elementor-element elementor-element-50d97e3f\" data-id=\"50d97e3f\" data-element_type=\"column\" data-e-type=\"column\">\n\t\t\t<div class=\"elementor-widget-wrap elementor-element-populated\">\n\t\t\t\t\t\t<section class=\"elementor-section elementor-inner-section elementor-element elementor-element-b5ed923 elementor-section-boxed elementor-section-height-default elementor-section-height-default\" data-id=\"b5ed923\" data-element_type=\"section\" data-e-type=\"section\">\n\t\t\t\t\t\t<div class=\"elementor-container elementor-column-gap-default\">\n\t\t\t\t\t<div class=\"elementor-column elementor-col-50 elementor-inner-column elementor-element elementor-element-cf805f7\" data-id=\"cf805f7\" data-element_type=\"column\" data-e-type=\"column\">\n\t\t\t<div class=\"elementor-widget-wrap elementor-element-populated\">\n\t\t\t\t\t\t<div class=\"elementor-element elementor-element-55609b6 elementor-widget elementor-widget-image\" data-id=\"55609b6\" data-element_type=\"widget\" data-e-type=\"widget\" data-widget_type=\"image.default\">\n\t\t\t\t<div class=\"elementor-widget-container\">\n\t\t\t\t\t\t\t\t\t\t\t\t\t\t\t<img decoding=\"async\" src=\"https:\/\/yourbusinessguardian.com\/wp-content\/uploads\/2021\/02\/YBG_000013-980x653-1.jpg\" title=\"\" alt=\"\" loading=\"lazy\" \/>\t\t\t\t\t\t\t\t\t\t\t\t\t\t\t<\/div>\n\t\t\t\t<\/div>\n\t\t\t\t\t<\/div>\n\t\t<\/div>\n\t\t\t\t<div class=\"elementor-column elementor-col-50 elementor-inner-column elementor-element elementor-element-44411e21\" data-id=\"44411e21\" data-element_type=\"column\" data-e-type=\"column\">\n\t\t\t<div class=\"elementor-widget-wrap elementor-element-populated\">\n\t\t\t\t\t\t<div class=\"elementor-element elementor-element-f8e9a02 elementor-widget elementor-widget-text-editor\" data-id=\"f8e9a02\" data-element_type=\"widget\" data-e-type=\"widget\" data-widget_type=\"text-editor.default\">\n\t\t\t\t<div class=\"elementor-widget-container\">\n\t\t\t\t\t\t\t\t\t<p>Nuestro servicio de <span class=\"accent-color\">Financiaci\u00f3n empresarial<\/span>\u00a0.<\/p>\t\t\t\t\t\t\t\t<\/div>\n\t\t\t\t<\/div>\n\t\t\t\t<div class=\"elementor-element elementor-element-2a3b4bc3 elementor-widget elementor-widget-text-editor\" data-id=\"2a3b4bc3\" data-element_type=\"widget\" data-e-type=\"widget\" data-widget_type=\"text-editor.default\">\n\t\t\t\t<div class=\"elementor-widget-container\">\n\t\t\t\t\t\t\t\t\t<p><span class=\"accent-color\">Determinar<\/span> y asesorarlo sobre las necesidades de cr\u00e9dito empresarial y las opciones de pr\u00e9stamo m\u00e1s inteligentes disponibles.<br \/><br \/><\/p><p>Tras completar el 'An\u00e1lisis y Revisi\u00f3n Financiera <span class=\"accent-color\">de YBG',<\/span>le ense\u00f1aremos la mejor manera de presentar los ingresos y gastos de su negocio. El beneficio para usted es que tendr\u00e1 informaci\u00f3n financiera en tiempo real y f\u00e1cil de entender. Como resultado, podr\u00e1 tomar las mejores decisiones posibles respecto a la estrategia, t\u00e1cticas y acciones utilizando sus activos financieros.<br \/><br \/><\/p><p><span class=\"accent-color\">Lo asistiremos<\/span>\u00a0en la elaboraci\u00f3n de presentaciones exitosas a bancos, incluyendo programas de la SBA, l\u00edneas de cr\u00e9dito y pr\u00e9stamos de capital de trabajo. Nuestra experiencia y contactos pueden marcar la diferencia para que usted obtenga cr\u00e9dito en las mejores condiciones, tasa de inter\u00e9s y t\u00e9rminos.<br \/><br \/><\/p><p><span class=\"accent-color\">Crearemos y desarrollaremos<\/span> un paquete completo para otorgar con \u00e9xito la preaprobaci\u00f3n de sus necesidades de cr\u00e9dito.<br \/><br \/><\/p><p><span class=\"accent-color\">Consultaremos<\/span> con nuestra red de instituciones financieras y corredores para discutir ulteriores necesidades de cr\u00e9dito y opciones disponibles para usted y su negocio.<\/p>\t\t\t\t\t\t\t\t<\/div>\n\t\t\t\t<\/div>\n\t\t\t\t\t<\/div>\n\t\t<\/div>\n\t\t\t\t\t<\/div>\n\t\t<\/section>\n\t\t\t\t\t<\/div>\n\t\t<\/div>\n\t\t\t\t\t<\/div>\n\t\t<\/section>\n\t\t\t\t<section class=\"elementor-section elementor-top-section elementor-element elementor-element-84d63cc elementor-section-boxed elementor-section-height-default elementor-section-height-default\" data-id=\"84d63cc\" data-element_type=\"section\" data-e-type=\"section\">\n\t\t\t\t\t\t<div class=\"elementor-container elementor-column-gap-wide\">\n\t\t\t\t\t<div class=\"elementor-column elementor-col-50 elementor-top-column elementor-element elementor-element-57d6a889\" data-id=\"57d6a889\" data-element_type=\"column\" data-e-type=\"column\">\n\t\t\t<div class=\"elementor-widget-wrap elementor-element-populated\">\n\t\t\t\t\t\t<div class=\"elementor-element elementor-element-5839bb2e elementor-widget elementor-widget-heading\" data-id=\"5839bb2e\" data-element_type=\"widget\" data-e-type=\"widget\" data-widget_type=\"heading.default\">\n\t\t\t\t<div class=\"elementor-widget-container\">\n\t\t\t\t\t<h4 class=\"elementor-heading-title elementor-size-default\">nuestro servicio<\/h4>\t\t\t\t<\/div>\n\t\t\t\t<\/div>\n\t\t\t\t<div class=\"elementor-element elementor-element-ff383c4 elementor-widget elementor-widget-text-editor\" data-id=\"ff383c4\" data-element_type=\"widget\" data-e-type=\"widget\" data-widget_type=\"text-editor.default\">\n\t\t\t\t<div class=\"elementor-widget-container\">\n\t\t\t\t\t\t\t\t\t<p>\u00bfPuede Usted <span style=\"color: #ee9b08;\">beneficiarse<\/span>\u00a0from Business Financing?<\/p>\t\t\t\t\t\t\t\t<\/div>\n\t\t\t\t<\/div>\n\t\t\t\t<div class=\"elementor-element elementor-element-506d34d2 elementor-widget elementor-widget-text-editor\" data-id=\"506d34d2\" data-element_type=\"widget\" data-e-type=\"widget\" data-widget_type=\"text-editor.default\">\n\t\t\t\t<div class=\"elementor-widget-container\">\n\t\t\t\t\t\t\t\t\t<ul>\n \t<li><strong>El financiamiento el elixir que facilita la creaci\u00f3n de nuevos negocios<\/strong> y permite a las empresas aprovechar oportunidades para crecer, emplear a trabajadores locales y, a su vez, apoyar a otras empresas y a los gobiernos locales, estatales y federales a trav\u00e9s del pago de impuestos sobre la renta y las ventas.<\/li>\n<\/ul><br>\n<ul>\n \t<li><strong>Obtenga los mejores t\u00e9rminos de pr\u00e9stamo y posicionar su negocio para una pre-aprobaci\u00f3n de pr\u00e9stamo.<\/strong> Acceda a efectivo y ayude a mejorar el flujo de caja para el crecimiento y la expansi\u00f3n.<\/li>\n<\/ul><br>\n<ul>\n \t<li><strong>Impulse las ventas.<\/strong> La financiaci\u00f3n puede ayudar a su negocio a cerrar m\u00e1s ventas al brindar a los clientes la flexibilidad para realizar pagos de pr\u00e9stamos regulares que se ajusten a sus limitaciones presupuestarias.\"<\/li>\n<\/ul>\t\t\t\t\t\t\t\t<\/div>\n\t\t\t\t<\/div>\n\t\t\t\t\t<\/div>\n\t\t<\/div>\n\t\t\t\t<div class=\"elementor-column elementor-col-50 elementor-top-column elementor-element elementor-element-9c715d1\" data-id=\"9c715d1\" data-element_type=\"column\" data-e-type=\"column\">\n\t\t\t<div class=\"elementor-widget-wrap elementor-element-populated\">\n\t\t\t\t\t\t<div class=\"elementor-element elementor-element-4a632551 elementor-widget elementor-widget-image\" data-id=\"4a632551\" data-element_type=\"widget\" data-e-type=\"widget\" data-widget_type=\"image.default\">\n\t\t\t\t<div class=\"elementor-widget-container\">\n\t\t\t\t\t\t\t\t\t\t\t\t\t\t\t<img decoding=\"async\" width=\"540\" height=\"461\" src=\"https:\/\/yourbusinessguardian.com\/wp-content\/uploads\/2021\/02\/financing.jpg\" class=\"attachment-large size-large wp-image-46\" alt=\"\" srcset=\"https:\/\/yourbusinessguardian.com\/wp-content\/uploads\/2021\/02\/financing.jpg 540w, https:\/\/yourbusinessguardian.com\/wp-content\/uploads\/2021\/02\/financing-300x256.jpg 300w, https:\/\/yourbusinessguardian.com\/wp-content\/uploads\/2021\/02\/financing-480x410.jpg 480w\" sizes=\"(max-width: 540px) 100vw, 540px\" \/>\t\t\t\t\t\t\t\t\t\t\t\t\t\t\t<\/div>\n\t\t\t\t<\/div>\n\t\t\t\t\t<\/div>\n\t\t<\/div>\n\t\t\t\t\t<\/div>\n\t\t<\/section>\n\t\t\t\t<section class=\"elementor-section elementor-top-section elementor-element elementor-element-336a08bc elementor-section-height-min-height elementor-section-items-top elementor-section-content-middle elementor-section-boxed elementor-section-height-default\" data-id=\"336a08bc\" data-element_type=\"section\" data-e-type=\"section\" data-settings=\"{&quot;background_background&quot;:&quot;classic&quot;}\">\n\t\t\t\t\t\t<div class=\"elementor-container elementor-column-gap-default\">\n\t\t\t\t\t<div class=\"elementor-column elementor-col-100 elementor-top-column elementor-element elementor-element-39bc08c1\" data-id=\"39bc08c1\" data-element_type=\"column\" data-e-type=\"column\">\n\t\t\t<div class=\"elementor-widget-wrap elementor-element-populated\">\n\t\t\t\t\t\t<div class=\"elementor-element elementor-element-702c23c6 elementor-widget elementor-widget-heading\" data-id=\"702c23c6\" data-element_type=\"widget\" data-e-type=\"widget\" data-widget_type=\"heading.default\">\n\t\t\t\t<div class=\"elementor-widget-container\">\n\t\t\t\t\t<h4 class=\"elementor-heading-title elementor-size-default\">Agende su consulta gratuita<\/h4>\t\t\t\t<\/div>\n\t\t\t\t<\/div>\n\t\t\t\t<div class=\"elementor-element elementor-element-3b5af3e3 elementor-widget elementor-widget-heading\" data-id=\"3b5af3e3\" data-element_type=\"widget\" data-e-type=\"widget\" data-widget_type=\"heading.default\">\n\t\t\t\t<div class=\"elementor-widget-container\">\n\t\t\t\t\t<h2 class=\"elementor-heading-title elementor-size-default\">\u00bfComo le podemos ayudar?<\/h2>\t\t\t\t<\/div>\n\t\t\t\t<\/div>\n\t\t\t\t<div class=\"elementor-element elementor-element-69ecccf7 elementor-widget elementor-widget-text-editor\" data-id=\"69ecccf7\" data-element_type=\"widget\" data-e-type=\"widget\" data-widget_type=\"text-editor.default\">\n\t\t\t\t<div class=\"elementor-widget-container\">\n\t\t\t\t\t\t\t\t\t<p>Your Business Guardian arma programas a medida para ayudarlo a Usted y su compa\u00f1\u00eda a alcanzar las metas financieras tanto personales como de su negocio.<\/p>\t\t\t\t\t\t\t\t<\/div>\n\t\t\t\t<\/div>\n\t\t\t\t<div class=\"elementor-element elementor-element-68bde15f elementor-align-center elementor-widget elementor-widget-button\" data-id=\"68bde15f\" data-element_type=\"widget\" data-e-type=\"widget\" data-widget_type=\"button.default\">\n\t\t\t\t<div class=\"elementor-widget-container\">\n\t\t\t\t\t\t\t\t\t<div class=\"elementor-button-wrapper\">\n\t\t\t\t\t<a class=\"elementor-button elementor-button-link elementor-size-sm\" href=\"https:\/\/yourbusinessguardian.as.me\/schedule.php\">\n\t\t\t\t\t\t<span class=\"elementor-button-content-wrapper\">\n\t\t\t\t\t\t\t\t\t<span class=\"elementor-button-text\">Agende Ahora<\/span>\n\t\t\t\t\t<\/span>\n\t\t\t\t\t<\/a>\n\t\t\t\t<\/div>\n\t\t\t\t\t\t\t\t<\/div>\n\t\t\t\t<\/div>\n\t\t\t\t\t<\/div>\n\t\t<\/div>\n\t\t\t\t\t<\/div>\n\t\t<\/section>\n\t\t\t\t<\/div>","protected":false},"excerpt":{"rendered":"<p>Business Financing Learn what the appropriate financial and revenue metrics are to qualify for available credit options for your business. Our Business Financing\u00a0Service Determine and advise you on business credit needs and the smartest lending options available. After completing the \u201cYBG\u2019s Financial Analysis and Review,\u201d we will teach you how best to present the revenue [&hellip;]<\/p>\n","protected":false},"author":4,"featured_media":0,"parent":0,"menu_order":0,"comment_status":"closed","ping_status":"closed","template":"","meta":{"footnotes":""},"class_list":["post-66","page","type-page","status-publish","hentry"],"yoast_head":"<!-- This site is optimized with the Yoast SEO plugin v27.4 - https:\/\/yoast.com\/product\/yoast-seo-wordpress\/ -->\n<title>Business Financing - Your Business Guardian<\/title>\n<meta name=\"robots\" content=\"index, follow, max-snippet:-1, max-image-preview:large, max-video-preview:-1\" \/>\n<link rel=\"canonical\" href=\"https:\/\/yourbusinessguardian.com\/es\/business-financing\/\" \/>\n<meta property=\"og:locale\" content=\"es_ES\" \/>\n<meta property=\"og:type\" content=\"article\" \/>\n<meta property=\"og:title\" content=\"Business Financing - Your Business Guardian\" \/>\n<meta property=\"og:description\" content=\"Business Financing Learn what the appropriate financial and revenue metrics are to qualify for available credit options for your business. Our Business Financing\u00a0Service Determine and advise you on business credit needs and the smartest lending options available. After completing the \u201cYBG\u2019s Financial Analysis and Review,\u201d we will teach you how best to present the revenue [&hellip;]\" \/>\n<meta property=\"og:url\" content=\"https:\/\/yourbusinessguardian.com\/es\/business-financing\/\" \/>\n<meta property=\"og:site_name\" content=\"Your Business Guardian\" \/>\n<meta property=\"article:publisher\" content=\"https:\/\/www.facebook.com\/yourbusinessguardian\" \/>\n<meta property=\"article:modified_time\" content=\"2023-12-21T12:25:32+00:00\" \/>\n<meta property=\"og:image\" content=\"https:\/\/yourbusinessguardian.com\/wp-content\/uploads\/2021\/02\/logo.svg\" \/>\n<meta name=\"twitter:card\" content=\"summary_large_image\" \/>\n<meta name=\"twitter:label1\" content=\"Tiempo de lectura\" \/>\n\t<meta name=\"twitter:data1\" content=\"2 minutos\" \/>\n<script type=\"application\/ld+json\" class=\"yoast-schema-graph\">{\"@context\":\"https:\\\/\\\/schema.org\",\"@graph\":[{\"@type\":\"WebPage\",\"@id\":\"https:\\\/\\\/yourbusinessguardian.com\\\/business-financing\\\/\",\"url\":\"https:\\\/\\\/yourbusinessguardian.com\\\/business-financing\\\/\",\"name\":\"Business Financing - Your Business Guardian\",\"isPartOf\":{\"@id\":\"https:\\\/\\\/yourbusinessguardian.com\\\/#website\"},\"primaryImageOfPage\":{\"@id\":\"https:\\\/\\\/yourbusinessguardian.com\\\/business-financing\\\/#primaryimage\"},\"image\":{\"@id\":\"https:\\\/\\\/yourbusinessguardian.com\\\/business-financing\\\/#primaryimage\"},\"thumbnailUrl\":\"https:\\\/\\\/yourbusinessguardian.com\\\/wp-content\\\/uploads\\\/2021\\\/02\\\/logo.svg\",\"datePublished\":\"2021-02-07T01:12:05+00:00\",\"dateModified\":\"2023-12-21T12:25:32+00:00\",\"breadcrumb\":{\"@id\":\"https:\\\/\\\/yourbusinessguardian.com\\\/business-financing\\\/#breadcrumb\"},\"inLanguage\":\"es-CO\",\"potentialAction\":[{\"@type\":\"ReadAction\",\"target\":[\"https:\\\/\\\/yourbusinessguardian.com\\\/business-financing\\\/\"]}]},{\"@type\":\"ImageObject\",\"inLanguage\":\"es-CO\",\"@id\":\"https:\\\/\\\/yourbusinessguardian.com\\\/business-financing\\\/#primaryimage\",\"url\":\"https:\\\/\\\/yourbusinessguardian.com\\\/wp-content\\\/uploads\\\/2021\\\/02\\\/logo.svg\",\"contentUrl\":\"https:\\\/\\\/yourbusinessguardian.com\\\/wp-content\\\/uploads\\\/2021\\\/02\\\/logo.svg\"},{\"@type\":\"BreadcrumbList\",\"@id\":\"https:\\\/\\\/yourbusinessguardian.com\\\/business-financing\\\/#breadcrumb\",\"itemListElement\":[{\"@type\":\"ListItem\",\"position\":1,\"name\":\"Home\",\"item\":\"https:\\\/\\\/yourbusinessguardian.com\\\/\"},{\"@type\":\"ListItem\",\"position\":2,\"name\":\"Business Financing\"}]},{\"@type\":\"WebSite\",\"@id\":\"https:\\\/\\\/yourbusinessguardian.com\\\/#website\",\"url\":\"https:\\\/\\\/yourbusinessguardian.com\\\/\",\"name\":\"Your Business Guardian\",\"description\":\"Protecting Financial Assets\",\"publisher\":{\"@id\":\"https:\\\/\\\/yourbusinessguardian.com\\\/#organization\"},\"potentialAction\":[{\"@type\":\"SearchAction\",\"target\":{\"@type\":\"EntryPoint\",\"urlTemplate\":\"https:\\\/\\\/yourbusinessguardian.com\\\/?s={search_term_string}\"},\"query-input\":{\"@type\":\"PropertyValueSpecification\",\"valueRequired\":true,\"valueName\":\"search_term_string\"}}],\"inLanguage\":\"es-CO\"},{\"@type\":\"Organization\",\"@id\":\"https:\\\/\\\/yourbusinessguardian.com\\\/#organization\",\"name\":\"Your Business Guardian\",\"url\":\"https:\\\/\\\/yourbusinessguardian.com\\\/\",\"logo\":{\"@type\":\"ImageObject\",\"inLanguage\":\"es-CO\",\"@id\":\"https:\\\/\\\/yourbusinessguardian.com\\\/#\\\/schema\\\/logo\\\/image\\\/\",\"url\":\"https:\\\/\\\/yourbusinessguardian.com\\\/wp-content\\\/uploads\\\/2021\\\/04\\\/Screen-Shot-2021-04-21-at-10.19.37-PM.png\",\"contentUrl\":\"https:\\\/\\\/yourbusinessguardian.com\\\/wp-content\\\/uploads\\\/2021\\\/04\\\/Screen-Shot-2021-04-21-at-10.19.37-PM.png\",\"width\":126,\"height\":102,\"caption\":\"Your Business Guardian\"},\"image\":{\"@id\":\"https:\\\/\\\/yourbusinessguardian.com\\\/#\\\/schema\\\/logo\\\/image\\\/\"},\"sameAs\":[\"https:\\\/\\\/www.facebook.com\\\/yourbusinessguardian\",\"https:\\\/\\\/www.linkedin.com\\\/company\\\/your-business-guardian\\\/\",\"https:\\\/\\\/www.instagram.com\\\/yourbusinessguardian\\\/\"]}]}<\/script>\n<!-- \/ Yoast SEO plugin. -->","yoast_head_json":{"title":"Business Financing - Your Business Guardian","robots":{"index":"index","follow":"follow","max-snippet":"max-snippet:-1","max-image-preview":"max-image-preview:large","max-video-preview":"max-video-preview:-1"},"canonical":"https:\/\/yourbusinessguardian.com\/es\/business-financing\/","og_locale":"es_ES","og_type":"article","og_title":"Business Financing - Your Business Guardian","og_description":"Business Financing Learn what the appropriate financial and revenue metrics are to qualify for available credit options for your business. Our Business Financing\u00a0Service Determine and advise you on business credit needs and the smartest lending options available. After completing the \u201cYBG\u2019s Financial Analysis and Review,\u201d we will teach you how best to present the revenue [&hellip;]","og_url":"https:\/\/yourbusinessguardian.com\/es\/business-financing\/","og_site_name":"Your Business Guardian","article_publisher":"https:\/\/www.facebook.com\/yourbusinessguardian","article_modified_time":"2023-12-21T12:25:32+00:00","og_image":[{"url":"https:\/\/yourbusinessguardian.com\/wp-content\/uploads\/2021\/02\/logo.svg","type":"","width":"","height":""}],"twitter_card":"summary_large_image","twitter_misc":{"Tiempo de lectura":"2 minutos"},"schema":{"@context":"https:\/\/schema.org","@graph":[{"@type":"WebPage","@id":"https:\/\/yourbusinessguardian.com\/business-financing\/","url":"https:\/\/yourbusinessguardian.com\/business-financing\/","name":"Business Financing - Your Business Guardian","isPartOf":{"@id":"https:\/\/yourbusinessguardian.com\/#website"},"primaryImageOfPage":{"@id":"https:\/\/yourbusinessguardian.com\/business-financing\/#primaryimage"},"image":{"@id":"https:\/\/yourbusinessguardian.com\/business-financing\/#primaryimage"},"thumbnailUrl":"https:\/\/yourbusinessguardian.com\/wp-content\/uploads\/2021\/02\/logo.svg","datePublished":"2021-02-07T01:12:05+00:00","dateModified":"2023-12-21T12:25:32+00:00","breadcrumb":{"@id":"https:\/\/yourbusinessguardian.com\/business-financing\/#breadcrumb"},"inLanguage":"es-CO","potentialAction":[{"@type":"ReadAction","target":["https:\/\/yourbusinessguardian.com\/business-financing\/"]}]},{"@type":"ImageObject","inLanguage":"es-CO","@id":"https:\/\/yourbusinessguardian.com\/business-financing\/#primaryimage","url":"https:\/\/yourbusinessguardian.com\/wp-content\/uploads\/2021\/02\/logo.svg","contentUrl":"https:\/\/yourbusinessguardian.com\/wp-content\/uploads\/2021\/02\/logo.svg"},{"@type":"BreadcrumbList","@id":"https:\/\/yourbusinessguardian.com\/business-financing\/#breadcrumb","itemListElement":[{"@type":"ListItem","position":1,"name":"Home","item":"https:\/\/yourbusinessguardian.com\/"},{"@type":"ListItem","position":2,"name":"Business Financing"}]},{"@type":"WebSite","@id":"https:\/\/yourbusinessguardian.com\/#website","url":"https:\/\/yourbusinessguardian.com\/","name":"Your Business Guardian","description":"Protecting Financial Assets","publisher":{"@id":"https:\/\/yourbusinessguardian.com\/#organization"},"potentialAction":[{"@type":"SearchAction","target":{"@type":"EntryPoint","urlTemplate":"https:\/\/yourbusinessguardian.com\/?s={search_term_string}"},"query-input":{"@type":"PropertyValueSpecification","valueRequired":true,"valueName":"search_term_string"}}],"inLanguage":"es-CO"},{"@type":"Organization","@id":"https:\/\/yourbusinessguardian.com\/#organization","name":"Your Business Guardian","url":"https:\/\/yourbusinessguardian.com\/","logo":{"@type":"ImageObject","inLanguage":"es-CO","@id":"https:\/\/yourbusinessguardian.com\/#\/schema\/logo\/image\/","url":"https:\/\/yourbusinessguardian.com\/wp-content\/uploads\/2021\/04\/Screen-Shot-2021-04-21-at-10.19.37-PM.png","contentUrl":"https:\/\/yourbusinessguardian.com\/wp-content\/uploads\/2021\/04\/Screen-Shot-2021-04-21-at-10.19.37-PM.png","width":126,"height":102,"caption":"Your Business Guardian"},"image":{"@id":"https:\/\/yourbusinessguardian.com\/#\/schema\/logo\/image\/"},"sameAs":["https:\/\/www.facebook.com\/yourbusinessguardian","https:\/\/www.linkedin.com\/company\/your-business-guardian\/","https:\/\/www.instagram.com\/yourbusinessguardian\/"]}]}},"_links":{"self":[{"href":"https:\/\/yourbusinessguardian.com\/es\/wp-json\/wp\/v2\/pages\/66","targetHints":{"allow":["GET"]}}],"collection":[{"href":"https:\/\/yourbusinessguardian.com\/es\/wp-json\/wp\/v2\/pages"}],"about":[{"href":"https:\/\/yourbusinessguardian.com\/es\/wp-json\/wp\/v2\/types\/page"}],"author":[{"embeddable":true,"href":"https:\/\/yourbusinessguardian.com\/es\/wp-json\/wp\/v2\/users\/4"}],"replies":[{"embeddable":true,"href":"https:\/\/yourbusinessguardian.com\/es\/wp-json\/wp\/v2\/comments?post=66"}],"version-history":[{"count":3,"href":"https:\/\/yourbusinessguardian.com\/es\/wp-json\/wp\/v2\/pages\/66\/revisions"}],"predecessor-version":[{"id":4022,"href":"https:\/\/yourbusinessguardian.com\/es\/wp-json\/wp\/v2\/pages\/66\/revisions\/4022"}],"wp:attachment":[{"href":"https:\/\/yourbusinessguardian.com\/es\/wp-json\/wp\/v2\/media?parent=66"}],"curies":[{"name":"wp","href":"https:\/\/api.w.org\/{rel}","templated":true}]}}